{"id":499,"date":"2012-11-02T01:15:30","date_gmt":"2012-11-02T01:15:30","guid":{"rendered":"http:\/\/support-together.de\/?page_id=499"},"modified":"2015-03-10T14:01:00","modified_gmt":"2015-03-10T14:01:00","slug":"faq","status":"publish","type":"page","link":"https:\/\/www.support-together.de\/page\/faq\/","title":{"rendered":"FAQ"},"content":{"rendered":"<p style=\"text-align: justify;\" align=\"JUSTIFY\"><em><strong>Wieviele Stadionbesuche f\u00fchrt SuTo in der Saison durch? <\/strong><\/em><\/p>\n<p style=\"text-align: justify;\" align=\"JUSTIFY\">Wir fahren zu jedem Spiel, egal ob Heimspiel, Ausw\u00e4rtsspiel, unabh\u00e4ngig ob internationale, Pokal- oder Bundesligaspiele.<\/p>\n<p style=\"text-align: justify;\" align=\"JUSTIFY\"><em><strong>Sonstige Aktivit\u00e4ten? <\/strong><\/em><\/p>\n<p style=\"text-align: justify;\" align=\"JUSTIFY\">Wir treffen uns regelm\u00e4\u00dfig untereinander und unternehmen Grill-, Zock- , Fress- und Kneipenabende.<\/p>\n<p style=\"text-align: justify;\" align=\"JUSTIFY\">\u00a0<em><strong>Wie teuer ist die Mitgliedschaft?<\/strong><\/em><\/p>\n<p style=\"text-align: justify;\" align=\"JUSTIFY\">F\u00fcr Personen die 16 oder 17 Jahre alt sind, verlangen wir <span style=\"text-decoration: underline;\"><strong>10,00\u20ac<\/strong><\/span> f\u00fcr das Jahr.<\/p>\n<p style=\"text-align: justify;\" align=\"JUSTIFY\">Personen ab 18 Jahre bezahlen <span style=\"text-decoration: underline;\"><strong>36,00\u20ac<\/strong><\/span> f\u00fcr ein Jahr.<\/p>\n<p style=\"text-align: justify;\" align=\"JUSTIFY\">Mit Einverst\u00e4ndnis der Eltern nehmen wir auch gern Fans auf, die j\u00fcnger als 16 Jahre sind, diese sind dann bis zu ihrem 16 Geburtstag kostenfrei bei uns Mitglied.<\/p>\n<p style=\"text-align: justify;\" align=\"JUSTIFY\">F\u00fcr alle Neueinsteiger, die nach dem 01.09. des Jahres Mitglied werden wollen, \u00fcberweisen bitte nur die H\u00e4lfte des Jahresbeitrages.<\/p>\n<p style=\"text-align: justify;\" align=\"JUSTIFY\">\u00a0<em><strong>Wozu wird der Mitgliedsbeitrag genutzt?\u00a0<\/strong><\/em><\/p>\n<p style=\"text-align: justify;\" align=\"JUSTIFY\">Jedes Jahr veranstalten wir eine vom fanclubbezahlte Sommer- und Weihnachtsfeier.<\/p>\n<p style=\"text-align: justify;\" align=\"JUSTIFY\">Hier werden Getr\u00e4nke, Essen und die Location bezahlt. Ein paar Impressionen gibt es unter den Bildern der letzten gro\u00dfen Feiern.<\/p>\n<p style=\"text-align: justify;\" align=\"JUSTIFY\">\u00a0<em><strong>Habt ihr eigene Kleidung?\u00a0<\/strong><\/em><\/p>\n<p style=\"text-align: justify;\" align=\"JUSTIFY\">Ja, diese wird aber nur an Mitglieder des Fanclubs vergeben.<\/p>\n<p style=\"text-align: justify;\" align=\"JUSTIFY\">\u00a0<em><strong>Was f\u00fcr Verpflichtungen habe ich als Mitglied?<\/strong><\/em><\/p>\n<p style=\"text-align: justify;\" align=\"JUSTIFY\">Es gibt nahezu keine gr\u00f6\u00dferen Verpflichtungen. Nat\u00fcrlich sind alle Mitglieder dazu verpflichtet den Mitgliedsbeitrag am Jahresanfang bzw. zum Fanclubeintritt zu bezahlen.<\/p>\n<p style=\"text-align: justify;\" align=\"JUSTIFY\">Ansonsten w\u00fcnschen wir uns von unseren Mitgliedern nur normales, soziales Verhalten. Rechtsextremismus, Rassismus, sowie s\u00e4mtliches, anderes menschenfeindliches Verhalten wird unsererseits nicht geduldet.<\/p>\n<p style=\"text-align: justify;\" align=\"JUSTIFY\">\u00a0<em><strong>Wo ist der Treffpunkt f\u00fcr die Fahrten?<\/strong><\/em><\/p>\n<p style=\"text-align: justify;\" align=\"JUSTIFY\">Wir treffen uns zwischen Thalexweiler und Sotzweiler auf einem P + R Parkplatz an der A1 Abfahrt (Lebach \/ Schmelz \/ Tholey \/ Sotzweiler)<\/p>\n<p style=\"text-align: justify;\" align=\"JUSTIFY\">\u00a0<em><strong>Gibt es eine Mitfahrgelegenheit f\u00fcr Nichtmitglieder?<\/strong><\/em><\/p>\n<p style=\"text-align: justify;\" align=\"JUSTIFY\">Wir nehmen sehr gern auch Nichtmitglieder zu den Spielen mit und helfen ausserdem bei s\u00e4mtlichen anderen Sachen aus. F\u00fcr uns ist es sch\u00f6n neue Gesichter kennenzulernen und viele Gespr\u00e4che mit anderen Menschen zu f\u00fchren.<\/p>\n","protected":false},"excerpt":{"rendered":"<p>Wieviele Stadionbesuche f\u00fchrt SuTo in der Saison durch? Wir fahren zu jedem Spiel, egal ob Heimspiel, Ausw\u00e4rtsspiel, unabh\u00e4ngig ob internationale, Pokal- oder Bundesligaspiele. Sonstige Aktivit\u00e4ten? Wir treffen uns regelm\u00e4\u00dfig untereinander und unternehmen Grill-, Zock- , Fress- und Kneipenabende. \u00a0Wie teuer &hellip; <a href=\"https:\/\/www.support-together.de\/page\/faq\/\">Weiterlesen <span class=\"meta-nav\">&rarr;<\/span><\/a><\/p>\n","protected":false},"author":2,"featured_media":0,"parent":0,"menu_order":0,"comment_status":"closed","ping_status":"closed","template":"","meta":{"_monsterinsights_skip_tracking":false,"_monsterinsights_sitenote_active":false,"_monsterinsights_sitenote_note":"","_monsterinsights_sitenote_category":0,"footnotes":""},"class_list":["post-499","page","type-page","status-publish","hentry"],"_links":{"self":[{"href":"https:\/\/www.support-together.de\/page\/wp-json\/wp\/v2\/pages\/499","targetHints":{"allow":["GET"]}}],"collection":[{"href":"https:\/\/www.support-together.de\/page\/wp-json\/wp\/v2\/pages"}],"about":[{"href":"https:\/\/www.support-together.de\/page\/wp-json\/wp\/v2\/types\/page"}],"author":[{"embeddable":true,"href":"https:\/\/www.support-together.de\/page\/wp-json\/wp\/v2\/users\/2"}],"replies":[{"embeddable":true,"href":"https:\/\/www.support-together.de\/page\/wp-json\/wp\/v2\/comments?post=499"}],"version-history":[{"count":5,"href":"https:\/\/www.support-together.de\/page\/wp-json\/wp\/v2\/pages\/499\/revisions"}],"predecessor-version":[{"id":804,"href":"https:\/\/www.support-together.de\/page\/wp-json\/wp\/v2\/pages\/499\/revisions\/804"}],"wp:attachment":[{"href":"https:\/\/www.support-together.de\/page\/wp-json\/wp\/v2\/media?parent=499"}],"curies":[{"name":"wp","href":"https:\/\/api.w.org\/{rel}","templated":true}]}}