{"id":35,"date":"2012-07-15T21:01:09","date_gmt":"2012-07-15T21:01:09","guid":{"rendered":"http:\/\/su-to.de\/?page_id=35"},"modified":"2024-09-04T18:47:40","modified_gmt":"2024-09-04T18:47:40","slug":"mitglied-werden","status":"publish","type":"page","link":"https:\/\/www.support-together.de\/page\/mitglied-werden\/","title":{"rendered":"Mitglied werden"},"content":{"rendered":"<p>Um Mitglied zu werden, m\u00fcsst ihr den Mitgliederantrag an eine der folgenden Adressen schicken:<\/p>\n<p>BVB Fanclub Support together<br \/>\nStephan Borchardt<br \/>\nM\u00fchlenberg 17<br \/>\n66809 Nalbach<\/p>\n<p>oder eingescannt und ausgef\u00fcllt mit Unterschrift per Email an Devroki@support-together.de.<\/p>\n<p>Die Mitgliedschaft bei Support together betr\u00e4gt<\/p>\n<p>10 Euro \u2013 zwischen dem 16. und 18. Lebensjahr<br \/>\n36 Euro \u2013 ab dem 18. Lebensjahr<br \/>\npro Jahr.<\/p>\n<p><a href=\"https:\/\/www.support-together.de\/page\/wp-content\/uploads\/2019\/02\/Mitgliedsantrag2019.pdf\" target=\"blanket\" rel=\"noopener\">Mitgliedsantrag (PDF)<\/a><\/p>\n","protected":false},"excerpt":{"rendered":"<p>Um Mitglied zu werden, m\u00fcsst ihr den Mitgliederantrag an eine der folgenden Adressen schicken: BVB Fanclub Support together Stephan Borchardt M\u00fchlenberg 17 66809 Nalbach oder eingescannt und ausgef\u00fcllt mit Unterschrift per Email an Devroki@support-together.de. Die Mitgliedschaft bei Support together betr\u00e4gt &hellip; <a href=\"https:\/\/www.support-together.de\/page\/mitglied-werden\/\">Weiterlesen <span class=\"meta-nav\">&rarr;<\/span><\/a><\/p>\n","protected":false},"author":1,"featured_media":0,"parent":0,"menu_order":0,"comment_status":"closed","ping_status":"closed","template":"sidebar-page.php","meta":{"_monsterinsights_skip_tracking":false,"_monsterinsights_sitenote_active":false,"_monsterinsights_sitenote_note":"","_monsterinsights_sitenote_category":0,"footnotes":""},"class_list":["post-35","page","type-page","status-publish","hentry"],"_links":{"self":[{"href":"https:\/\/www.support-together.de\/page\/wp-json\/wp\/v2\/pages\/35","targetHints":{"allow":["GET"]}}],"collection":[{"href":"https:\/\/www.support-together.de\/page\/wp-json\/wp\/v2\/pages"}],"about":[{"href":"https:\/\/www.support-together.de\/page\/wp-json\/wp\/v2\/types\/page"}],"author":[{"embeddable":true,"href":"https:\/\/www.support-together.de\/page\/wp-json\/wp\/v2\/users\/1"}],"replies":[{"embeddable":true,"href":"https:\/\/www.support-together.de\/page\/wp-json\/wp\/v2\/comments?post=35"}],"version-history":[{"count":22,"href":"https:\/\/www.support-together.de\/page\/wp-json\/wp\/v2\/pages\/35\/revisions"}],"predecessor-version":[{"id":1179,"href":"https:\/\/www.support-together.de\/page\/wp-json\/wp\/v2\/pages\/35\/revisions\/1179"}],"wp:attachment":[{"href":"https:\/\/www.support-together.de\/page\/wp-json\/wp\/v2\/media?parent=35"}],"curies":[{"name":"wp","href":"https:\/\/api.w.org\/{rel}","templated":true}]}}