{"id":211,"date":"2012-08-26T19:03:24","date_gmt":"2012-08-26T19:03:24","guid":{"rendered":"http:\/\/su-to.de\/wordpress\/?page_id=211"},"modified":"2016-10-20T15:17:02","modified_gmt":"2016-10-20T15:17:02","slug":"sutotal","status":"publish","type":"page","link":"https:\/\/www.support-together.de\/page\/sutotal\/","title":{"rendered":"SuTotal"},"content":{"rendered":"<div class=\"fb-like\" data-href=\"https:\/\/www.facebook.com\/sutotal\" data-layout=\"standard\" data-action=\"like\" data-show-faces=\"true\"><\/div>\n<div style=\"width: 250px; padding: 10px; margin: auto; text-align: center;\"><a href=\"\/page\/wp-content\/uploads\/2016\/10\/SuTotal3.pdf\n\" target=\"blanket\"><img decoding=\"async\" alt=\"\" src=\"\/page\/wp-content\/uploads\/2013\/08\/pdf.png\" width=\"50\" \/><\/a><br \/>\n<a href=\"\/page\/wp-content\/uploads\/2016\/10\/SuTotal3.pdf\n\" target=\"blanket\"> &gt;&gt;&gt; SuTotal Ausgabe 3 &lt;&lt;&lt; <\/a><\/div>\n<div style=\"width: 250px; padding: 10px; margin: auto; text-align: center;\"><a href=\"\/page\/wp-content\/uploads\/2013\/08\/SuTotal2.pdf\" target=\"blanket\"><img decoding=\"async\" alt=\"\" src=\"\/page\/wp-content\/uploads\/2013\/08\/pdf.png\" width=\"50\" \/><\/a><br \/>\n<a href=\"\/page\/wp-content\/uploads\/2013\/08\/SuTotal2.pdf\" target=\"blanket\"> &gt;&gt;&gt; SuTotal Ausgabe 2 &lt;&lt;&lt; <\/a><\/div>\n<div style=\"width: 250px; padding: 10px; margin: auto; text-align: center;\"><a href=\"\/page\/wp-content\/uploads\/2013\/08\/SuTotal1.pdf\" target=\"blanket\"><img decoding=\"async\" alt=\"\" src=\"\/page\/wp-content\/uploads\/2013\/08\/pdf.png\" width=\"50\" \/><\/a><br \/>\n<a href=\"\/page\/wp-content\/uploads\/2013\/08\/SuTotal1.pdf\" target=\"blanket\"> &gt;&gt;&gt; SuTotal Ausgabe 1 &lt;&lt;&lt; <\/a><\/div>\n<p style=\"text-align: justify;\">Der 12. Mai ist ein besonderer Tag f\u00fcr Borussia Dortmund. Agierte man 2007 noch als Partycrasher auf der scheinbar sicheren Meisterschaftsfeier des ungeliebten blauen Nachbarn, belohnte die Mannschaft im Jahr 2012 mit dem Gewinn des Doubles den Verein, uns Fans und nat\u00fcrlich sich selbst.<\/p>\n<p style=\"text-align: justify;\">Neben dem Gewinn des DFB-Pokals und dem damit verbundenen Double ist der 12. Mai auch der Tag des ersten Release des fanclubeigenen Mitgliedermagazins \u201eSutotal\u201c, zu dessen Gelingen mehr als eine Handvoll SuTos in mehrw\u00f6chiger Arbeit beigetragen haben. Die Jungfernausgabe ist bewusst schlicht gehalten und setzt sich aus mehreren inhaltlich voneinander isolierten Kategorien zusammen. Aus aktuellem Anlass lag der Fokus nat\u00fcrlich auf dem bevorstehenden Pokalfinale. Dennoch ist das Themenspektrum recht breit gef\u00e4chert: Im ersten Heft findet sich au\u00dferdem ein ausf\u00fchrlicher Saisonr\u00fcckblick, viele Einblicke in das Innenleben unseres Fanclubs wie z.B. die verschiedenen Aktivit\u00e4ten, Berichte von ersten Champions-League-Erfahrungen der SuTos auf fremden Terrain und vieles mehr. Wer wie der Chefredakteur eine kleine Pr\u00e4senzbibliothek auf seiner Toilette bevorzugt, f\u00fcr den wird Sutotal genau die richtige Lekt\u00fcre sein.<\/p>\n<p style=\"text-align: justify;\">Da die erste Ausgabe selbstverst\u00e4ndlich nicht die letzte gewesen sein soll, sind wir immer dankbar f\u00fcr Anregungen, kreative Ideen und idealerweise auch aktive Mitarbeit verschiedener Autoren, da das Zine so bunt wie m\u00f6glich sein soll. Das MemberZine soll sich thematisch in allererster Linie nat\u00fcrlich um uns, um die SuTos und die BvB-Fans, aber auch Fans im Allgemeinen, drehen. Wir wollen ein Magazin von Fans f\u00fcr Fans bzw. von SuTos f\u00fcr SuTos sein. Au\u00dferdem wollen wir m\u00f6glichst fl\u00e4chendeckend die Bereiche BvB und Fankultur abdecken, nat\u00fcrlich immer gerne mit einem pointierten ironischen Ton.<br \/>\nDas MemberZine wird traditionell 1-2 Mal im Jahr erscheinen. Wie dick das kleine Schmuddelheftchen sein wird, h\u00e4ngt immer von der Menge der Ereignisse ab, allerdings sind so 40-50 Seiten geplant. \u201eSutotal\u201c war gratis und soll es auch bleiben. Au\u00dferdem wird das Zine wenige Zeit nach dem Release als PDF-Version zum Download zur Verf\u00fcgung gestellt.<\/p>\n<p style=\"text-align: justify;\">Sutotal gibt es auch bei Facebook <a href=\"http:\/\/www.facebook.com\/sutotal\" target=\"blanket\">www.facebook.com\/sutotal<\/a><\/p>\n","protected":false},"excerpt":{"rendered":"<p>&gt;&gt;&gt; SuTotal Ausgabe 3 &lt;&lt;&lt; &gt;&gt;&gt; SuTotal Ausgabe 2 &lt;&lt;&lt; &gt;&gt;&gt; SuTotal Ausgabe 1 &lt;&lt;&lt; Der 12. Mai ist ein besonderer Tag f\u00fcr Borussia Dortmund. Agierte man 2007 noch als Partycrasher auf der scheinbar sicheren Meisterschaftsfeier des ungeliebten blauen Nachbarn, &hellip; <a href=\"https:\/\/www.support-together.de\/page\/sutotal\/\">Weiterlesen <span class=\"meta-nav\">&rarr;<\/span><\/a><\/p>\n","protected":false},"author":1,"featured_media":0,"parent":0,"menu_order":0,"comment_status":"closed","ping_status":"closed","template":"sidebar-page.php","meta":{"_monsterinsights_skip_tracking":false,"_monsterinsights_sitenote_active":false,"_monsterinsights_sitenote_note":"","_monsterinsights_sitenote_category":0,"footnotes":""},"class_list":["post-211","page","type-page","status-publish","hentry"],"_links":{"self":[{"href":"https:\/\/www.support-together.de\/page\/wp-json\/wp\/v2\/pages\/211","targetHints":{"allow":["GET"]}}],"collection":[{"href":"https:\/\/www.support-together.de\/page\/wp-json\/wp\/v2\/pages"}],"about":[{"href":"https:\/\/www.support-together.de\/page\/wp-json\/wp\/v2\/types\/page"}],"author":[{"embeddable":true,"href":"https:\/\/www.support-together.de\/page\/wp-json\/wp\/v2\/users\/1"}],"replies":[{"embeddable":true,"href":"https:\/\/www.support-together.de\/page\/wp-json\/wp\/v2\/comments?post=211"}],"version-history":[{"count":37,"href":"https:\/\/www.support-together.de\/page\/wp-json\/wp\/v2\/pages\/211\/revisions"}],"predecessor-version":[{"id":883,"href":"https:\/\/www.support-together.de\/page\/wp-json\/wp\/v2\/pages\/211\/revisions\/883"}],"wp:attachment":[{"href":"https:\/\/www.support-together.de\/page\/wp-json\/wp\/v2\/media?parent=211"}],"curies":[{"name":"wp","href":"https:\/\/api.w.org\/{rel}","templated":true}]}}