{"id":15,"date":"2012-07-15T20:52:58","date_gmt":"2012-07-15T20:52:58","guid":{"rendered":"http:\/\/su-to.de\/?page_id=15"},"modified":"2016-11-30T09:11:55","modified_gmt":"2016-11-30T09:11:55","slug":"wir-ueber-uns","status":"publish","type":"page","link":"https:\/\/www.support-together.de\/page\/wir-ueber-uns\/","title":{"rendered":"Wir \u00fcber uns"},"content":{"rendered":"<div style=\"width: 180px; float: left; padding: 5px; text-align: justify;\"><a href=\"\/page\/wp-content\/uploads\/2012\/09\/logo.png\"><img decoding=\"async\" title=\"logosts\" src=\"\/page\/wp-content\/uploads\/2012\/09\/logo.png\" alt=\"\" width=\"170\" \/><\/a><\/div>\n<div style=\"float: left; padding: 5px; text-align: justify;\">\n<p><strong>Support together \u2013 Fanclub, Anlaufpunkt, Freundeskreis, und, und, und&#8230;<\/strong><\/p>\n<p>Im Jahr 2005 fanden sich einige Borussen im Saarland, die einen Fanclub gr\u00fcnden wollten. Wie es unserem Fanclubnamen schon zu entnehmen ist, ist der Grund f\u00fcr die Bildung einer organisierten Gruppe die Unterst\u00fctzung unseres Ballspielvereines Borussia Dortmund. Bleibt ein Wort im Fanclubnamen, das auch symbolisch in unserem eigenen Fanclublogo wiedergespielt wird.<br \/>\nMit dem abgebildeten Handschlag im Logo soll der Zusammenhalt und die Zusammenarbeit gezeigt werden. Nur gemeinsam k\u00f6nnen wir die Ziele erreichen, die wir uns selber stellen.<br \/>\nNach dem rasanten Anstieg der Mitglieder war schnell klar, dass wir auch ein offizieller Fanclub beim BVB werden wollen. Am 03.03.2006 war es dann soweit, dass wir diesen Schritt gegangen sind.\u00a0Diesen Tag nutzen wir auch als offiziellen Geburtstag, da ein genauer Termin der Gr\u00fcndung aus dem Jahr 2005 uns nicht vorliegt. Mittlerweile sind wir so gut organisiert, dass wir seit einigen Jahren zu jedem Spiel fahren und auch den anderen Borussen aus der Umgebung Hilfe, Unterst\u00fctzung und Mitfahrgelegenheiten anbieten k\u00f6nnen. Es ist f\u00fcr uns immer wieder interessant, neue Gesichter kennenzulernen und zu sehen, wie die Gruppe dadurch bunter wird, die Meinungsvielfalt dadurch zunimmt und die Diskussionen rund um den Fu\u00dfball und den BVB noch lebhafter werden.<br \/>\nAnsonsten sind wir ein Fanclub, der f\u00fcr viele unserer Mitglieder mehr ist, als nur ein Wochenendtreffen und eine Gruppe f\u00fcr die Fahrt zum Spiel. Wir treffen uns mehrfach in der Woche, treffen uns bei verschiedenen Veranstaltungen, unter den Mitgliedern gibt es enge Freundschaften, die Freizeit wird eben auch gern mit den Leuten verbracht, mit denen man im Fu\u00dfball seine Liebe und Tr\u00e4ume teilt.<\/p>\n<p>Apropos Veranstaltungen: Diese d\u00fcrfen nat\u00fcrlich auch nicht bei uns fehlen. F\u00fcr alle Mitglieder bieten wir in regelm\u00e4\u00dfigen Abst\u00e4nden verschiedene Veranstaltungen an, an denen sie teilnehmen k\u00f6nnen. Darunter z\u00e4hlen unsere legend\u00e4ren Sommer- und Weihnachtsfeiern wohl zu den Highlights, ansonsten wissen wir uns gut mit Fifa Turnieren, Grillabenden, Altstadt- und Weihnachtsmarktbesuche, kulinarische Essensabende oder die verschiedenen DVD und Unterhaltungsabenden zu vergn\u00fcgen. Um die Mitglieder immer bei Laune zu halten, f\u00e4hrt unsere Truppe auch zu Fan- und Spielertreffen und bietet zu verschiedenen Spielen oder Veranstaltungen auch mehrt\u00e4gige Touren an. Dabei sind die Treffen mit Pommes Schwarz Gelb, die Touren nach Leonberg, M\u00fcnchen, Stuttgart und Pforzheim, sowie der 100. Jahresfeier vom BVB wohl herauszuheben. Die unvergesslichen Spiele international, die beiden Pokalfinalspiele in Berlin und nat\u00fcrlich die Meisterfeiern in Dortmund und Umgebung werden ewig bei jeder Person, die auf diesen Touren dabei waren, im Kopf bleiben.<\/p>\n<p>In der Entwicklung des Fanclubs wurde auch einiges f\u00fcr die Au\u00dfendarstellung getan. Um in den Kurven ein gutes Bild abzugeben, malte und pinselte man einiges an Fahnen, Doppelhalter und Bannern. F\u00fcr das geschlossene Bild der Gruppe gibt es f\u00fcr Mitglieder eigens erstellte Fanclubkleidung, die die Zugeh\u00f6rigkeit sofort erkennen l\u00e4sst und die verschiedenen Variationen lassen uns stolz unseren Fanclub repr\u00e4sentieren.<\/p>\n<p>Mit dem Bau der eigenen Fanclubkneipe werden wir einen zentralen Punkt f\u00fcr unsere Mitglieder und den Interessenten an uns schaffen.<\/p>\n<p>Da wir uns nat\u00fcrlich auch mit verschiedenen Themen der Fankultur in der Gruppe besch\u00e4ftigen, unterst\u00fctzen wir einige Projekte. Bestimmte Dinge aus der Fankultur von denen wir denken, dass diese im Fu\u00dfball erhalten werden m\u00fcssen. Mit dem Projekt \u201eFaires-Ticketing\u201c hat sich Support together auch bekannt gemacht und konnte viele Fangruppen mit der Idee schnell \u00fcberzeugen. Rasant hat sich das Projekt entwickelt und wurde in der Presse, wie auch beim BVB wahrgenommen. Wir verfolgen das Thema weiterhin und melden uns diesbez\u00fcglich nat\u00fcrlich zu Wort, wenn es in unseren Augen notwendig wird. Durch das Projekt konnten wir viele Bekanntschaften bekommen, diese werden auch noch weiterhin gepflegt. Teilweise sind wahre Freundschaften entstanden, und nat\u00fcrlich ist es auch nicht schwer sich mit Leuten zu verstehen, die die gleiche Denkweise haben.<\/p>\n<p>Wir freuen uns also auf die Zukunft. Neue Mitglieder, neue Freund- und neue Bekanntschaften.<\/p>\n<p>In diesem Sinne&#8230;<\/p>\n<p><strong>Support together<\/strong><\/p>\n<\/div>\n<div style=\"text-align: justify;\"><a href=\"\/page\/wp-content\/uploads\/2012\/07\/Titelbild-fb.bmp\"><img decoding=\"async\" title=\"Titelbild-fb\" src=\"\/page\/wp-content\/uploads\/2012\/07\/Titelbild-fb.bmp\" alt=\"\" width=\"864\" \/><\/a><\/div>\n","protected":false},"excerpt":{"rendered":"<p>Support together \u2013 Fanclub, Anlaufpunkt, Freundeskreis, und, und, und&#8230; Im Jahr 2005 fanden sich einige Borussen im Saarland, die einen Fanclub gr\u00fcnden wollten. Wie es unserem Fanclubnamen schon zu entnehmen ist, ist der Grund f\u00fcr die Bildung einer organisierten Gruppe &hellip; <a href=\"https:\/\/www.support-together.de\/page\/wir-ueber-uns\/\">Weiterlesen <span class=\"meta-nav\">&rarr;<\/span><\/a><\/p>\n","protected":false},"author":1,"featured_media":0,"parent":0,"menu_order":0,"comment_status":"closed","ping_status":"closed","template":"sidebar-page.php","meta":{"_monsterinsights_skip_tracking":false,"_monsterinsights_sitenote_active":false,"_monsterinsights_sitenote_note":"","_monsterinsights_sitenote_category":0,"footnotes":""},"class_list":["post-15","page","type-page","status-publish","hentry"],"_links":{"self":[{"href":"https:\/\/www.support-together.de\/page\/wp-json\/wp\/v2\/pages\/15","targetHints":{"allow":["GET"]}}],"collection":[{"href":"https:\/\/www.support-together.de\/page\/wp-json\/wp\/v2\/pages"}],"about":[{"href":"https:\/\/www.support-together.de\/page\/wp-json\/wp\/v2\/types\/page"}],"author":[{"embeddable":true,"href":"https:\/\/www.support-together.de\/page\/wp-json\/wp\/v2\/users\/1"}],"replies":[{"embeddable":true,"href":"https:\/\/www.support-together.de\/page\/wp-json\/wp\/v2\/comments?post=15"}],"version-history":[{"count":52,"href":"https:\/\/www.support-together.de\/page\/wp-json\/wp\/v2\/pages\/15\/revisions"}],"predecessor-version":[{"id":800,"href":"https:\/\/www.support-together.de\/page\/wp-json\/wp\/v2\/pages\/15\/revisions\/800"}],"wp:attachment":[{"href":"https:\/\/www.support-together.de\/page\/wp-json\/wp\/v2\/media?parent=15"}],"curies":[{"name":"wp","href":"https:\/\/api.w.org\/{rel}","templated":true}]}}